{"id":778,"date":"2021-07-12T14:32:06","date_gmt":"2021-07-12T14:32:06","guid":{"rendered":"http:\/\/localhost:8888\/filitaly-lab\/?page_id=778"},"modified":"2021-09-17T14:23:15","modified_gmt":"2021-09-17T12:23:15","slug":"cru","status":"publish","type":"page","link":"https:\/\/filitaly-lab.it\/it\/lab\/cru\/","title":{"rendered":"Cru"},"content":{"rendered":"\n\t<section class=\"section info-card-1\" id=\"section_77188749\">\n\t\t<div class=\"bg section-bg fill bg-fill  bg-loaded\" >\n\n\t\t\t\n\t\t\t\n\t\t\t\n\n\t\t<\/div>\n\n\t\t\n\n\t\t<div class=\"section-content relative\">\n\t\t\t\n\n<div class=\"row align-center\"  id=\"row-295492327\">\n\n\n\t<div id=\"col-531653896\" class=\"col small-12 large-12\"  >\n\t\t\t\t<div class=\"col-inner text-center\"  >\n\t\t\t\n\t\t\t\n\n<h1 class=\"uppercase\"><span style=\"font-size: 250%;\"><strong>#1 <span style=\"font-size: 50%;\">cru<\/span><\/strong><\/span><\/h1>\n<h2 style=\"font-weight:400;font-size:110%\">Non tutta la fibra nasce ecr\u00f9, in colore unito: anche se l\u2019Alpaca ci viene prevalentemente rappresentata bianca, in realt\u00e0 ci sono animali che hanno mantelli di colori diversi. Marrone chiaro, medio o di tonalit\u00e0 pi\u00f9 scure fino a raggiungere un denso testa di moro. Questi animali producono fibra colorata naturalmente, che generalmente non viene valorizzata perch\u00e9 il mercato tende ad approvvigionarsi di fibra mista o chiara. Con questa idea, Filitaly-Lab \u00e8 riuscita a creare una vera e propria capsule, utilizzando la fibra di alpaca cos\u00ec come viene raccolta, senza sottoporla a nessun processo di tintura. Un prodotto selezionato, che ha tutto il fascino dell\u2019artigianalit\u00e0 e delle cose naturali.<\/h2>\n\n\t<div id=\"gap-2102738307\" class=\"gap-element clearfix\" style=\"display:block; height:auto;\">\n\t\t\n<style>\n#gap-2102738307 {\n  padding-top: 30px;\n}\n<\/style>\n\t<\/div>\n\t\n\n\n\t\t<\/div>\n\t\t\t\t\t<\/div>\n\n\t\n\n<\/div>\n\n\t\t<\/div>\n\n\t\t\n<style>\n#section_77188749 {\n  padding-top: 0px;\n  padding-bottom: 0px;\n}\n<\/style>\n\t<\/section>\n\t\n\t<section class=\"section info-card-1\" id=\"section_2144327571\">\n\t\t<div class=\"bg section-bg fill bg-fill  bg-loaded\" >\n\n\t\t\t\n\t\t\t\n\t\t\t\n\n\t\t<\/div>\n\n\t\t\n\n\t\t<div class=\"section-content relative\">\n\t\t\t\n\n<div class=\"row row-full-width\"  id=\"row-896529652\">\n\n\n\t<div id=\"col-2052286383\" class=\"col medium-3 small-12 large-3\"  >\n\t\t\t\t<div class=\"col-inner\"  >\n\t\t\t\n\t\t\t\n\n\t<div class=\"img has-hover x md-x lg-x y md-y lg-y\" id=\"image_1499564295\">\n\t\t\t\t\t\t\t\t<div class=\"img-inner dark\" >\n\t\t\t<img loading=\"lazy\" decoding=\"async\" width=\"1020\" height=\"1020\" src=\"https:\/\/filitaly-lab.it\/wp-content\/uploads\/2021\/07\/cru-ecru-1024x1024.jpg\" class=\"attachment-large size-large\" alt=\"\" srcset=\"https:\/\/filitaly-lab.it\/wp-content\/uploads\/2021\/07\/cru-ecru-1024x1024.jpg 1024w, https:\/\/filitaly-lab.it\/wp-content\/uploads\/2021\/07\/cru-ecru-300x300.jpg 300w, https:\/\/filitaly-lab.it\/wp-content\/uploads\/2021\/07\/cru-ecru-150x150.jpg 150w, https:\/\/filitaly-lab.it\/wp-content\/uploads\/2021\/07\/cru-ecru-768x769.jpg 768w, https:\/\/filitaly-lab.it\/wp-content\/uploads\/2021\/07\/cru-ecru.jpg 1200w\" sizes=\"auto, (max-width: 1020px) 100vw, 1020px\" \/>\t\t\t\t\t\t\n\t\t\t\t\t<\/div>\n\t\t\t\t\t\t\t\t\n<style>\n#image_1499564295 {\n  width: 100%;\n}\n<\/style>\n\t<\/div>\n\t\n\n\t<div id=\"text-2102705741\" class=\"text\">\n\t\t\n\n<h5>Cru ecru<\/h5>\n\t\t\n<style>\n#text-2102705741 {\n  text-align: center;\n}\n<\/style>\n\t<\/div>\n\t\n\n\t\t<\/div>\n\t\t\t\t\t<\/div>\n\n\t\n\n\t<div id=\"col-1240116174\" class=\"col medium-3 small-12 large-3\"  >\n\t\t\t\t<div class=\"col-inner\"  >\n\t\t\t\n\t\t\t\n\n\t<div class=\"img has-hover x md-x lg-x y md-y lg-y\" id=\"image_147831175\">\n\t\t\t\t\t\t\t\t<div class=\"img-inner dark\" >\n\t\t\t<img loading=\"lazy\" decoding=\"async\" width=\"1020\" height=\"1020\" src=\"https:\/\/filitaly-lab.it\/wp-content\/uploads\/2021\/07\/cru-camel-1024x1024.jpg\" class=\"attachment-large size-large\" alt=\"\" srcset=\"https:\/\/filitaly-lab.it\/wp-content\/uploads\/2021\/07\/cru-camel-1024x1024.jpg 1024w, https:\/\/filitaly-lab.it\/wp-content\/uploads\/2021\/07\/cru-camel-300x300.jpg 300w, https:\/\/filitaly-lab.it\/wp-content\/uploads\/2021\/07\/cru-camel-150x150.jpg 150w, https:\/\/filitaly-lab.it\/wp-content\/uploads\/2021\/07\/cru-camel-768x769.jpg 768w, https:\/\/filitaly-lab.it\/wp-content\/uploads\/2021\/07\/cru-camel.jpg 1200w\" sizes=\"auto, (max-width: 1020px) 100vw, 1020px\" \/>\t\t\t\t\t\t\n\t\t\t\t\t<\/div>\n\t\t\t\t\t\t\t\t\n<style>\n#image_147831175 {\n  width: 100%;\n}\n<\/style>\n\t<\/div>\n\t\n\n\t<div id=\"text-3564320997\" class=\"text\">\n\t\t\n\n<h5>Cru camel<\/h5>\n\t\t\n<style>\n#text-3564320997 {\n  text-align: center;\n}\n<\/style>\n\t<\/div>\n\t\n\n\t\t<\/div>\n\t\t\t\t\t<\/div>\n\n\t\n\n\t<div id=\"col-410590710\" class=\"col medium-3 small-12 large-3\"  >\n\t\t\t\t<div class=\"col-inner\"  >\n\t\t\t\n\t\t\t\n\n\t<div class=\"img has-hover x md-x lg-x y md-y lg-y\" id=\"image_928601101\">\n\t\t\t\t\t\t\t\t<div class=\"img-inner dark\" >\n\t\t\t<img loading=\"lazy\" decoding=\"async\" width=\"1020\" height=\"1020\" src=\"https:\/\/filitaly-lab.it\/wp-content\/uploads\/2021\/07\/cru-dark-sweet-1024x1024.jpg\" class=\"attachment-large size-large\" alt=\"\" srcset=\"https:\/\/filitaly-lab.it\/wp-content\/uploads\/2021\/07\/cru-dark-sweet-1024x1024.jpg 1024w, https:\/\/filitaly-lab.it\/wp-content\/uploads\/2021\/07\/cru-dark-sweet-300x300.jpg 300w, https:\/\/filitaly-lab.it\/wp-content\/uploads\/2021\/07\/cru-dark-sweet-150x150.jpg 150w, https:\/\/filitaly-lab.it\/wp-content\/uploads\/2021\/07\/cru-dark-sweet-768x769.jpg 768w, https:\/\/filitaly-lab.it\/wp-content\/uploads\/2021\/07\/cru-dark-sweet.jpg 1200w\" sizes=\"auto, (max-width: 1020px) 100vw, 1020px\" \/>\t\t\t\t\t\t\n\t\t\t\t\t<\/div>\n\t\t\t\t\t\t\t\t\n<style>\n#image_928601101 {\n  width: 100%;\n}\n<\/style>\n\t<\/div>\n\t\n\n\t<div id=\"text-1476622514\" class=\"text\">\n\t\t\n\n<h5>Cru dark sweet<\/h5>\n\t\t\n<style>\n#text-1476622514 {\n  text-align: center;\n}\n<\/style>\n\t<\/div>\n\t\n\n\t\t<\/div>\n\t\t\t\t\t<\/div>\n\n\t\n\n\t<div id=\"col-754745205\" class=\"col medium-3 small-12 large-3\"  >\n\t\t\t\t<div class=\"col-inner\"  >\n\t\t\t\n\t\t\t\n\n\t<div class=\"img has-hover x md-x lg-x y md-y lg-y\" id=\"image_920541627\">\n\t\t\t\t\t\t\t\t<div class=\"img-inner dark\" >\n\t\t\t<img loading=\"lazy\" decoding=\"async\" width=\"1020\" height=\"1020\" src=\"https:\/\/filitaly-lab.it\/wp-content\/uploads\/2021\/07\/cru-dark-brown-1024x1024.jpg\" class=\"attachment-large size-large\" alt=\"\" srcset=\"https:\/\/filitaly-lab.it\/wp-content\/uploads\/2021\/07\/cru-dark-brown-1024x1024.jpg 1024w, https:\/\/filitaly-lab.it\/wp-content\/uploads\/2021\/07\/cru-dark-brown-300x300.jpg 300w, https:\/\/filitaly-lab.it\/wp-content\/uploads\/2021\/07\/cru-dark-brown-150x150.jpg 150w, https:\/\/filitaly-lab.it\/wp-content\/uploads\/2021\/07\/cru-dark-brown-768x769.jpg 768w, https:\/\/filitaly-lab.it\/wp-content\/uploads\/2021\/07\/cru-dark-brown.jpg 1200w\" sizes=\"auto, (max-width: 1020px) 100vw, 1020px\" \/>\t\t\t\t\t\t\n\t\t\t\t\t<\/div>\n\t\t\t\t\t\t\t\t\n<style>\n#image_920541627 {\n  width: 100%;\n}\n<\/style>\n\t<\/div>\n\t\n\n\t<div id=\"text-125577260\" class=\"text\">\n\t\t\n\n<h5>Cru dark brown<\/h5>\n\t\t\n<style>\n#text-125577260 {\n  text-align: center;\n}\n<\/style>\n\t<\/div>\n\t\n\n\t\t<\/div>\n\t\t\t\t\t<\/div>\n\n\t\n\n<\/div>\n\n\t\t<\/div>\n\n\t\t\n<style>\n#section_2144327571 {\n  padding-top: 0px;\n  padding-bottom: 0px;\n}\n<\/style>\n\t<\/section>\n\t\n<div class=\"row\"  id=\"row-1429466164\">\n\n\n\t<div id=\"col-1818017735\" class=\"col small-12 large-12\"  >\n\t\t\t\t<div class=\"col-inner text-center\"  >\n\t\t\t\n\t\t\t\n\n\t<div id=\"gap-1515809052\" class=\"gap-element clearfix\" style=\"display:block; height:auto;\">\n\t\t\n<style>\n#gap-1515809052 {\n  padding-top: 40px;\n}\n<\/style>\n\t<\/div>\n\t\n\n<div class=\"text-center\"><div class=\"is-divider divider clearfix\" style=\"margin-top:1.2em;margin-bottom:1.2em;max-width:80px;height:2px;\"><\/div><\/div>\n\n\t<div id=\"text-2885203981\" class=\"text\">\n\t\t\n\n<h2>Accedi al digital showroom <\/h2>\n\t\t\n<style>\n#text-2885203981 {\n  text-align: center;\n}\n<\/style>\n\t<\/div>\n\t\n\t<div id=\"gap-792034206\" class=\"gap-element clearfix\" style=\"display:block; height:auto;\">\n\t\t\n<style>\n#gap-792034206 {\n  padding-top: 15px;\n}\n<\/style>\n\t<\/div>\n\t\n\n<a href=\"https:\/\/filitaly-lab.it\/digital-showroom\/\" class=\"button primary\"  >\n    <span>Limited edition # cru<\/span>\n  <\/a>\n\n\n\n\t\t<\/div>\n\t\t\t\t\t<\/div>\n\n\t\n\n<\/div>\n\n","protected":false},"excerpt":{"rendered":"","protected":false},"author":2,"featured_media":0,"parent":549,"menu_order":0,"comment_status":"closed","ping_status":"closed","template":"","meta":{"footnotes":""},"class_list":["post-778","page","type-page","status-publish","hentry"],"yoast_head":"<!-- This site is optimized with the Yoast SEO plugin v27.3 - https:\/\/yoast.com\/product\/yoast-seo-wordpress\/ -->\n<title>Cru: Limited Edition - Filitaly-Lab<\/title>\n<meta name=\"description\" content=\"Cru \u00e8 una Limited Edition. Filitaly-Lab utilizza la fibra di alpaca cos\u00ec come viene raccolta, senza sottoporla a nessun processo di tintura.\" \/>\n<meta name=\"robots\" content=\"index, follow, max-snippet:-1, max-image-preview:large, max-video-preview:-1\" \/>\n<link rel=\"canonical\" href=\"https:\/\/filitaly-lab.it\/it\/lab\/cru\/\" \/>\n<meta property=\"og:locale\" content=\"it_IT\" \/>\n<meta property=\"og:type\" content=\"article\" \/>\n<meta property=\"og:title\" content=\"Cru: Limited Edition - Filitaly-Lab\" \/>\n<meta property=\"og:description\" content=\"Cru \u00e8 una Limited Edition. Filitaly-Lab utilizza la fibra di alpaca cos\u00ec come viene raccolta, senza sottoporla a nessun processo di tintura.\" \/>\n<meta property=\"og:url\" content=\"https:\/\/filitaly-lab.it\/it\/lab\/cru\/\" \/>\n<meta property=\"og:site_name\" content=\"Filitaly-Lab\" \/>\n<meta property=\"article:modified_time\" content=\"2021-09-17T12:23:15+00:00\" \/>\n<meta name=\"twitter:card\" content=\"summary_large_image\" \/>\n<meta name=\"twitter:label1\" content=\"Tempo di lettura stimato\" \/>\n\t<meta name=\"twitter:data1\" content=\"1 minuto\" \/>\n<script type=\"application\/ld+json\" class=\"yoast-schema-graph\">{\"@context\":\"https:\\\/\\\/schema.org\",\"@graph\":[{\"@type\":\"WebPage\",\"@id\":\"https:\\\/\\\/filitaly-lab.it\\\/it\\\/lab\\\/cru\\\/\",\"url\":\"https:\\\/\\\/filitaly-lab.it\\\/it\\\/lab\\\/cru\\\/\",\"name\":\"Cru: Limited Edition - Filitaly-Lab\",\"isPartOf\":{\"@id\":\"https:\\\/\\\/filitaly-lab.it\\\/#website\"},\"datePublished\":\"2021-07-12T14:32:06+00:00\",\"dateModified\":\"2021-09-17T12:23:15+00:00\",\"description\":\"Cru \u00e8 una Limited Edition. Filitaly-Lab utilizza la fibra di alpaca cos\u00ec come viene raccolta, senza sottoporla a nessun processo di tintura.\",\"breadcrumb\":{\"@id\":\"https:\\\/\\\/filitaly-lab.it\\\/it\\\/lab\\\/cru\\\/#breadcrumb\"},\"inLanguage\":\"it-IT\",\"potentialAction\":[{\"@type\":\"ReadAction\",\"target\":[\"https:\\\/\\\/filitaly-lab.it\\\/it\\\/lab\\\/cru\\\/\"]}]},{\"@type\":\"BreadcrumbList\",\"@id\":\"https:\\\/\\\/filitaly-lab.it\\\/it\\\/lab\\\/cru\\\/#breadcrumb\",\"itemListElement\":[{\"@type\":\"ListItem\",\"position\":1,\"name\":\"Home\",\"item\":\"https:\\\/\\\/filitaly-lab.it\\\/it\\\/\"},{\"@type\":\"ListItem\",\"position\":2,\"name\":\"Lab\",\"item\":\"https:\\\/\\\/filitaly-lab.it\\\/it\\\/lab\\\/\"},{\"@type\":\"ListItem\",\"position\":3,\"name\":\"Cru\"}]},{\"@type\":\"WebSite\",\"@id\":\"https:\\\/\\\/filitaly-lab.it\\\/#website\",\"url\":\"https:\\\/\\\/filitaly-lab.it\\\/\",\"name\":\"Filitaly-Lab\",\"description\":\"Contemporary Alpaca Yarns Made in Italy\",\"potentialAction\":[{\"@type\":\"SearchAction\",\"target\":{\"@type\":\"EntryPoint\",\"urlTemplate\":\"https:\\\/\\\/filitaly-lab.it\\\/?s={search_term_string}\"},\"query-input\":{\"@type\":\"PropertyValueSpecification\",\"valueRequired\":true,\"valueName\":\"search_term_string\"}}],\"inLanguage\":\"it-IT\"}]}<\/script>\n<!-- \/ Yoast SEO plugin. -->","yoast_head_json":{"title":"Cru: Limited Edition - Filitaly-Lab","description":"Cru \u00e8 una Limited Edition. Filitaly-Lab utilizza la fibra di alpaca cos\u00ec come viene raccolta, senza sottoporla a nessun processo di tintura.","robots":{"index":"index","follow":"follow","max-snippet":"max-snippet:-1","max-image-preview":"max-image-preview:large","max-video-preview":"max-video-preview:-1"},"canonical":"https:\/\/filitaly-lab.it\/it\/lab\/cru\/","og_locale":"it_IT","og_type":"article","og_title":"Cru: Limited Edition - Filitaly-Lab","og_description":"Cru \u00e8 una Limited Edition. Filitaly-Lab utilizza la fibra di alpaca cos\u00ec come viene raccolta, senza sottoporla a nessun processo di tintura.","og_url":"https:\/\/filitaly-lab.it\/it\/lab\/cru\/","og_site_name":"Filitaly-Lab","article_modified_time":"2021-09-17T12:23:15+00:00","twitter_card":"summary_large_image","twitter_misc":{"Tempo di lettura stimato":"1 minuto"},"schema":{"@context":"https:\/\/schema.org","@graph":[{"@type":"WebPage","@id":"https:\/\/filitaly-lab.it\/it\/lab\/cru\/","url":"https:\/\/filitaly-lab.it\/it\/lab\/cru\/","name":"Cru: Limited Edition - Filitaly-Lab","isPartOf":{"@id":"https:\/\/filitaly-lab.it\/#website"},"datePublished":"2021-07-12T14:32:06+00:00","dateModified":"2021-09-17T12:23:15+00:00","description":"Cru \u00e8 una Limited Edition. Filitaly-Lab utilizza la fibra di alpaca cos\u00ec come viene raccolta, senza sottoporla a nessun processo di tintura.","breadcrumb":{"@id":"https:\/\/filitaly-lab.it\/it\/lab\/cru\/#breadcrumb"},"inLanguage":"it-IT","potentialAction":[{"@type":"ReadAction","target":["https:\/\/filitaly-lab.it\/it\/lab\/cru\/"]}]},{"@type":"BreadcrumbList","@id":"https:\/\/filitaly-lab.it\/it\/lab\/cru\/#breadcrumb","itemListElement":[{"@type":"ListItem","position":1,"name":"Home","item":"https:\/\/filitaly-lab.it\/it\/"},{"@type":"ListItem","position":2,"name":"Lab","item":"https:\/\/filitaly-lab.it\/it\/lab\/"},{"@type":"ListItem","position":3,"name":"Cru"}]},{"@type":"WebSite","@id":"https:\/\/filitaly-lab.it\/#website","url":"https:\/\/filitaly-lab.it\/","name":"Filitaly-Lab","description":"Contemporary Alpaca Yarns Made in Italy","potentialAction":[{"@type":"SearchAction","target":{"@type":"EntryPoint","urlTemplate":"https:\/\/filitaly-lab.it\/?s={search_term_string}"},"query-input":{"@type":"PropertyValueSpecification","valueRequired":true,"valueName":"search_term_string"}}],"inLanguage":"it-IT"}]}},"_links":{"self":[{"href":"https:\/\/filitaly-lab.it\/it\/wp-json\/wp\/v2\/pages\/778","targetHints":{"allow":["GET"]}}],"collection":[{"href":"https:\/\/filitaly-lab.it\/it\/wp-json\/wp\/v2\/pages"}],"about":[{"href":"https:\/\/filitaly-lab.it\/it\/wp-json\/wp\/v2\/types\/page"}],"author":[{"embeddable":true,"href":"https:\/\/filitaly-lab.it\/it\/wp-json\/wp\/v2\/users\/2"}],"replies":[{"embeddable":true,"href":"https:\/\/filitaly-lab.it\/it\/wp-json\/wp\/v2\/comments?post=778"}],"version-history":[{"count":0,"href":"https:\/\/filitaly-lab.it\/it\/wp-json\/wp\/v2\/pages\/778\/revisions"}],"up":[{"embeddable":true,"href":"https:\/\/filitaly-lab.it\/it\/wp-json\/wp\/v2\/pages\/549"}],"wp:attachment":[{"href":"https:\/\/filitaly-lab.it\/it\/wp-json\/wp\/v2\/media?parent=778"}],"curies":[{"name":"wp","href":"https:\/\/api.w.org\/{rel}","templated":true}]}}